{"id":807,"date":"2015-11-25T22:30:49","date_gmt":"2016-01-27T16:25:41","guid":{"rendered":"http:\/\/radkodentalprofessional.com\/?page_id=807"},"modified":"2016-02-11T13:14:26","modified_gmt":"2016-02-11T13:14:26","slug":"pacjenci","status":"publish","type":"page","link":"https:\/\/radkodentalprofessional.com\/pl\/pacjenci\/","title":{"rendered":"Pacjenci"},"content":{"rendered":"<p>[rev_slider patients]<\/p>\n<p>&nbsp;<\/p>\n<p style=\"color: black; font-size: 25px; text-align: justify; line-height: 1;\">\u00a0\u00a0\u00a0\u00a0\u00a0\u00a0\u00a0\u00a0\u00a0 Jako kliniczny technik dentystyczny jestem dumny z mojej pracy. Zawsze upewniam si\u0119, \u017ce moi pacjenci otrzymuj\u0105 najlepsz\u0105 mo\u017cliw\u0105 opiek\u0119. Z racji, \u017ce jestem osobi\u015bcie odpowiedzialny za ka\u017cdy etap pracy, kt\u00f3rej si\u0119 podejmuj\u0119, jestem w stanie uko\u0144czy\u0107 prace du\u017co szybciej ni\u017c moi koledzy denty\u015bci, kt\u00f3rzy zazwyczaj musz\u0105 korzysta\u0107 z us\u0142ug zewn\u0119trznych laboratori\u00f3w dentystycznych. W wielu wypadkach jestem w stanie uko\u0144czy\u0107 tak skomplikowane przypadki jak wykonanie ca\u0142kowitej g\u00f3rnej b\u0105d\u017a dolnej protezy w mniej ni\u017c 24 godziny.<br \/>\nNiekt\u00f3re zabiegi s\u0105 bardziej skomplikowane. Wielu pacjent\u00f3w potrzebuje wstawienia b\u0105d\u017a wymiany plomby lub wyrwania czy koronowania z\u0119ba zanim proteza mo\u017ce by\u0107 wykonana. W tym wypadku mog\u0119 zaoferowa\u0107 skierowanie do wielu dentyst\u00f3w w po\u0142udniowym Londynie i Home Counties, kt\u00f3rzy b\u0119d\u0105 mogli pom\u00f3c w tej kwestii. Kieruj\u0119 swoich pacjent\u00f3w jedynie do profesjonalist\u00f3w, kt\u00f3rzy zdobyli moje zaufanie poprzez lata wsp\u00f3\u0142pracy.<br \/>\nNasz gabinet jest zaprojektowany w taki spos\u00f3b, aby zapewni\u0107 pacjentom opiek\u0119 w czystym i bezpiecznym \u015brodowisku klinicznym. Nasz zesp\u00f3\u0142 jest szkolony w zakresie zapobiegania infekcjom. Aby upewni\u0107 si\u0119, \u017ce wszystkie narz\u0119dzia s\u0105 sterylne u\u017cywany jest autoklaw (sterylizator). Zawsze w pogotowiu jest tak\u017ce butla tlenowa, defibrylator oraz apteczka pierwszej pomocy aby zapewni\u0107 bezpiecze\u0144stwo pacjent\u00f3w.<\/p>\n<div class=\"logotypy\"><img class=\"homelogo\" src=\"http:\/\/radkodentalprofessional.com\/wp-content\/uploads\/2015\/12\/logo13.png\" alt=\"Radko Dental Professional Logo\" \/> <img class=\"homelogo\" src=\"http:\/\/radkodentalprofessional.com\/wp-content\/uploads\/2015\/12\/damas.png\" alt=\"Radko Dental Professional Logo\" \/> <img class=\"homelogo\" src=\"http:\/\/radkodentalprofessional.com\/wp-content\/uploads\/2015\/12\/logo3.png\" alt=\"Radko Dental Professional Logo\" \/> <img class=\"homelogo\" src=\"http:\/\/radkodentalprofessional.com\/wp-content\/uploads\/2016\/01\/MHRA_Logo.jpg\" alt=\"Radko Dental Professional Logo\" \/> <img class=\"homelogo\" src=\"http:\/\/radkodentalprofessional.com\/wp-content\/uploads\/2016\/01\/rcs-logo4008-140x140.jpg\" alt=\"Radko Dental Professional Logo\" \/><\/div>\n<p><a href=\"http:\/\/radkodentalprofessional.com\/wp-content\/uploads\/2015\/11\/IMGP2839.jpg\"><img loading=\"lazy\" class=\"alignnone size-full wp-image-723\" src=\"http:\/\/radkodentalprofessional.com\/wp-content\/uploads\/2015\/11\/IMGP2839.jpg\" alt=\"IMGP2839\" width=\"4608\" height=\"2592\" srcset=\"https:\/\/radkodentalprofessional.com\/wp-content\/uploads\/2015\/11\/IMGP2839.jpg 4608w, https:\/\/radkodentalprofessional.com\/wp-content\/uploads\/2015\/11\/IMGP2839-300x169.jpg 300w, https:\/\/radkodentalprofessional.com\/wp-content\/uploads\/2015\/11\/IMGP2839-1024x576.jpg 1024w, https:\/\/radkodentalprofessional.com\/wp-content\/uploads\/2015\/11\/IMGP2839-637x358.jpg 637w, https:\/\/radkodentalprofessional.com\/wp-content\/uploads\/2015\/11\/IMGP2839-970x546.jpg 970w, https:\/\/radkodentalprofessional.com\/wp-content\/uploads\/2015\/11\/IMGP2839-214x120.jpg 214w\" sizes=\"(max-width: 4608px) 100vw, 4608px\" \/><\/a> <a href=\"http:\/\/radkodentalprofessional.com\/wp-content\/uploads\/2015\/11\/IMGP3109.jpg\"><img loading=\"lazy\" class=\"alignnone size-full wp-image-724\" src=\"http:\/\/radkodentalprofessional.com\/wp-content\/uploads\/2015\/11\/IMGP3109.jpg\" alt=\"IMGP3109\" width=\"1920\" height=\"1080\" srcset=\"https:\/\/radkodentalprofessional.com\/wp-content\/uploads\/2015\/11\/IMGP3109.jpg 1920w, https:\/\/radkodentalprofessional.com\/wp-content\/uploads\/2015\/11\/IMGP3109-300x169.jpg 300w, https:\/\/radkodentalprofessional.com\/wp-content\/uploads\/2015\/11\/IMGP3109-1024x576.jpg 1024w, https:\/\/radkodentalprofessional.com\/wp-content\/uploads\/2015\/11\/IMGP3109-637x358.jpg 637w, https:\/\/radkodentalprofessional.com\/wp-content\/uploads\/2015\/11\/IMGP3109-970x546.jpg 970w, https:\/\/radkodentalprofessional.com\/wp-content\/uploads\/2015\/11\/IMGP3109-214x120.jpg 214w\" sizes=\"(max-width: 1920px) 100vw, 1920px\" \/><\/a> <a href=\"http:\/\/radkodentalprofessional.com\/wp-content\/uploads\/2015\/11\/IMGP3337-3.jpg\"><img loading=\"lazy\" class=\"alignnone size-full wp-image-725\" src=\"http:\/\/radkodentalprofessional.com\/wp-content\/uploads\/2015\/11\/IMGP3337-3.jpg\" alt=\"IMGP3337 (3)\" width=\"2033\" height=\"1772\" srcset=\"https:\/\/radkodentalprofessional.com\/wp-content\/uploads\/2015\/11\/IMGP3337-3.jpg 2033w, https:\/\/radkodentalprofessional.com\/wp-content\/uploads\/2015\/11\/IMGP3337-3-300x261.jpg 300w, https:\/\/radkodentalprofessional.com\/wp-content\/uploads\/2015\/11\/IMGP3337-3-1024x893.jpg 1024w, https:\/\/radkodentalprofessional.com\/wp-content\/uploads\/2015\/11\/IMGP3337-3-637x555.jpg 637w, https:\/\/radkodentalprofessional.com\/wp-content\/uploads\/2015\/11\/IMGP3337-3-970x845.jpg 970w, https:\/\/radkodentalprofessional.com\/wp-content\/uploads\/2015\/11\/IMGP3337-3-214x187.jpg 214w\" sizes=\"(max-width: 2033px) 100vw, 2033px\" \/><\/a><\/p>","protected":false},"excerpt":{"rendered":"<p>[rev_slider patients] &nbsp; \u00a0\u00a0\u00a0\u00a0\u00a0\u00a0\u00a0\u00a0\u00a0 Jako kliniczny technik dentystyczny jestem dumny z mojej pracy. Zawsze upewniam si\u0119, \u017ce moi pacjenci otrzymuj\u0105 najlepsz\u0105 mo\u017cliw\u0105 opiek\u0119. Z racji, \u017ce jestem osobi\u015bcie odpowiedzialny za ka\u017cdy etap pracy, kt\u00f3rej si\u0119 podejmuj\u0119, jestem w stanie uko\u0144czy\u0107 prace du\u017co szybciej ni\u017c moi koledzy denty\u015bci, kt\u00f3rzy zazwyczaj musz\u0105 korzysta\u0107 z us\u0142ug zewn\u0119trznych laboratori\u00f3w [&hellip;]<\/p>","protected":false},"author":1,"featured_media":0,"parent":0,"menu_order":0,"comment_status":"closed","ping_status":"closed","template":"","meta":[],"_links":{"self":[{"href":"https:\/\/radkodentalprofessional.com\/pl\/wp-json\/wp\/v2\/pages\/807"}],"collection":[{"href":"https:\/\/radkodentalprofessional.com\/pl\/wp-json\/wp\/v2\/pages"}],"about":[{"href":"https:\/\/radkodentalprofessional.com\/pl\/wp-json\/wp\/v2\/types\/page"}],"author":[{"embeddable":true,"href":"https:\/\/radkodentalprofessional.com\/pl\/wp-json\/wp\/v2\/users\/1"}],"replies":[{"embeddable":true,"href":"https:\/\/radkodentalprofessional.com\/pl\/wp-json\/wp\/v2\/comments?post=807"}],"version-history":[{"count":6,"href":"https:\/\/radkodentalprofessional.com\/pl\/wp-json\/wp\/v2\/pages\/807\/revisions"}],"predecessor-version":[{"id":982,"href":"https:\/\/radkodentalprofessional.com\/pl\/wp-json\/wp\/v2\/pages\/807\/revisions\/982"}],"wp:attachment":[{"href":"https:\/\/radkodentalprofessional.com\/pl\/wp-json\/wp\/v2\/media?parent=807"}],"curies":[{"name":"wp","href":"https:\/\/api.w.org\/{rel}","templated":true}]}}