{"id":803,"date":"2016-01-27T16:22:42","date_gmt":"2016-01-27T16:22:42","guid":{"rendered":"http:\/\/radkodentalprofessional.com\/?page_id=803"},"modified":"2017-03-21T14:05:41","modified_gmt":"2017-03-21T14:05:41","slug":"start","status":"publish","type":"page","link":"https:\/\/radkodentalprofessional.com\/pl\/start\/","title":{"rendered":"Start"},"content":{"rendered":"<p style=\"color: black; font-size: 25px; text-align: justify; line-height: 1; text-indent: 10%;\">Radko Dental Professional to laboratorium dentystyczne za\u0142o\u017cone w 2000 roku. Nasze unikalne po\u0142\u0105czenie jako\u015bci, solidno\u015bci, dba\u0142o\u015bci o szczeg\u00f3\u0142y oraz rozumienia potrzeb naszych klient\u00f3w pozwoli\u0142o rozwin\u0105\u0107 si\u0119 nam na przestrzeni lat. Jako cz\u0142onkowie brytyjskiego Zwi\u0105zku Laboratori\u00f3w Dentystycznych (ang. DLA) oraz Systemu Kontroli Produktow Dentystycznych (ang. DAMAS) trzymamy si\u0119 \u015bcis\u0142ych procedur i u\u017cywamy jedynie materia\u0142\u00f3w najwy\u017cszej jako\u015bci do wykonywania naszych protez. Nasz oddany zesp\u00f3\u0142 technik\u00f3w, recepcjonist\u00f3w i kierowc\u00f3w zawsze gwarantuje naszym klient\u00f3w najlepsz\u0105 mo\u017cliw\u0105 opiek\u0119.<\/p>\n<p>Kliniczny Technik Dentystyczny<br \/>\nRCS (Eng) Radoslaw Lorenz-Dobuch<\/p>\n<div class=\"logotypy\"><img loading=\"lazy\" class=\"homelogo\" src=\"http:\/\/radkodentalprofessional.com\/wp-content\/uploads\/2015\/12\/logo13.png\" alt=\"Radko Dental Professional Logo\" width=\"87\" height=\"86\" \/> <img loading=\"lazy\" class=\"homelogo\" src=\"http:\/\/radkodentalprofessional.com\/wp-content\/uploads\/2015\/12\/damas.png\" alt=\"Radko Dental Professional Logo\" width=\"85\" height=\"85\" \/> <img loading=\"lazy\" class=\"homelogo\" src=\"http:\/\/radkodentalprofessional.com\/wp-content\/uploads\/2015\/12\/logo3.png\" alt=\"Radko Dental Professional Logo\" width=\"290\" height=\"66\" \/>\u00a0\u00a0<img loading=\"lazy\" class=\"homelogo\" src=\"http:\/\/radkodentalprofessional.com\/wp-content\/uploads\/2016\/01\/rcs-logo4008-140x140.jpg\" alt=\"Radko Dental Professional Logo\" width=\"82\" height=\"82\" \/><a href=\"http:\/\/radkodentalprofessional.com\/wp-content\/uploads\/2016\/01\/logo.jpg\" rel=\"attachment wp-att-1047\"><img loading=\"lazy\" class=\"alignnone  wp-image-1047\" src=\"http:\/\/radkodentalprofessional.com\/wp-content\/uploads\/2016\/01\/logo-300x71.jpg\" alt=\"logo\" width=\"284\" height=\"67\" srcset=\"https:\/\/radkodentalprofessional.com\/wp-content\/uploads\/2016\/01\/logo-300x71.jpg 300w, https:\/\/radkodentalprofessional.com\/wp-content\/uploads\/2016\/01\/logo-298x71.jpg 298w, https:\/\/radkodentalprofessional.com\/wp-content\/uploads\/2016\/01\/logo-214x50.jpg 214w, https:\/\/radkodentalprofessional.com\/wp-content\/uploads\/2016\/01\/logo.jpg 301w\" sizes=\"(max-width: 284px) 100vw, 284px\" \/><\/a><a href=\"http:\/\/radkodentalprofessional.com\/wp-content\/uploads\/2016\/01\/logo-mhra-200x55.gif\" rel=\"attachment wp-att-1048\"><img loading=\"lazy\" class=\"alignnone  wp-image-1048\" src=\"http:\/\/radkodentalprofessional.com\/wp-content\/uploads\/2016\/01\/logo-mhra-200x55-300x83.gif\" alt=\"logo-mhra-200x55\" width=\"224\" height=\"62\" srcset=\"https:\/\/radkodentalprofessional.com\/wp-content\/uploads\/2016\/01\/logo-mhra-200x55-300x83.gif 300w, https:\/\/radkodentalprofessional.com\/wp-content\/uploads\/2016\/01\/logo-mhra-200x55-214x59.gif 214w\" sizes=\"(max-width: 224px) 100vw, 224px\" \/><\/a><a href=\"http:\/\/radkodentalprofessional.com\/wp-content\/uploads\/2016\/01\/Damas_Logo__Blue_2012RGB.jpg\" rel=\"attachment wp-att-1049\"><img loading=\"lazy\" class=\"alignnone  wp-image-1049\" src=\"http:\/\/radkodentalprofessional.com\/wp-content\/uploads\/2016\/01\/Damas_Logo__Blue_2012RGB-300x248.jpg\" alt=\"Damas_Logo__Blue_2012(RGB)\" width=\"84\" height=\"70\" srcset=\"https:\/\/radkodentalprofessional.com\/wp-content\/uploads\/2016\/01\/Damas_Logo__Blue_2012RGB-300x248.jpg 300w, https:\/\/radkodentalprofessional.com\/wp-content\/uploads\/2016\/01\/Damas_Logo__Blue_2012RGB-768x636.jpg 768w, https:\/\/radkodentalprofessional.com\/wp-content\/uploads\/2016\/01\/Damas_Logo__Blue_2012RGB-637x527.jpg 637w, https:\/\/radkodentalprofessional.com\/wp-content\/uploads\/2016\/01\/Damas_Logo__Blue_2012RGB-214x177.jpg 214w, https:\/\/radkodentalprofessional.com\/wp-content\/uploads\/2016\/01\/Damas_Logo__Blue_2012RGB.jpg 800w\" sizes=\"(max-width: 84px) 100vw, 84px\" \/><\/a><\/div>","protected":false},"excerpt":{"rendered":"<p>Radko Dental Professional to laboratorium dentystyczne za\u0142o\u017cone w 2000 roku. Nasze unikalne po\u0142\u0105czenie jako\u015bci, solidno\u015bci, dba\u0142o\u015bci o szczeg\u00f3\u0142y oraz rozumienia potrzeb naszych klient\u00f3w pozwoli\u0142o rozwin\u0105\u0107 si\u0119 nam na przestrzeni lat. Jako cz\u0142onkowie brytyjskiego Zwi\u0105zku Laboratori\u00f3w Dentystycznych (ang. DLA) oraz Systemu Kontroli Produktow Dentystycznych (ang. DAMAS) trzymamy si\u0119 \u015bcis\u0142ych procedur i u\u017cywamy jedynie materia\u0142\u00f3w najwy\u017cszej jako\u015bci [&hellip;]<\/p>","protected":false},"author":1,"featured_media":0,"parent":0,"menu_order":0,"comment_status":"closed","ping_status":"closed","template":"template-home.php","meta":[],"_links":{"self":[{"href":"https:\/\/radkodentalprofessional.com\/pl\/wp-json\/wp\/v2\/pages\/803"}],"collection":[{"href":"https:\/\/radkodentalprofessional.com\/pl\/wp-json\/wp\/v2\/pages"}],"about":[{"href":"https:\/\/radkodentalprofessional.com\/pl\/wp-json\/wp\/v2\/types\/page"}],"author":[{"embeddable":true,"href":"https:\/\/radkodentalprofessional.com\/pl\/wp-json\/wp\/v2\/users\/1"}],"replies":[{"embeddable":true,"href":"https:\/\/radkodentalprofessional.com\/pl\/wp-json\/wp\/v2\/comments?post=803"}],"version-history":[{"count":8,"href":"https:\/\/radkodentalprofessional.com\/pl\/wp-json\/wp\/v2\/pages\/803\/revisions"}],"predecessor-version":[{"id":1051,"href":"https:\/\/radkodentalprofessional.com\/pl\/wp-json\/wp\/v2\/pages\/803\/revisions\/1051"}],"wp:attachment":[{"href":"https:\/\/radkodentalprofessional.com\/pl\/wp-json\/wp\/v2\/media?parent=803"}],"curies":[{"name":"wp","href":"https:\/\/api.w.org\/{rel}","templated":true}]}}