{"id":324,"date":"2015-11-25T22:32:42","date_gmt":"2015-11-25T22:32:42","guid":{"rendered":"http:\/\/radkodentalprofessional.com\/?page_id=324"},"modified":"2021-12-16T13:05:27","modified_gmt":"2021-12-16T13:05:27","slug":"dentists","status":"publish","type":"page","link":"https:\/\/radkodentalprofessional.com\/pl\/dentists\/","title":{"rendered":"Dla Pacjent\u00f3w"},"content":{"rendered":"<div data-elementor-type=\"wp-page\" data-elementor-id=\"324\" class=\"elementor elementor-324\" data-elementor-settings=\"[]\">\n\t\t\t\t\t\t\t<div class=\"elementor-section-wrap\">\n\t\t\t\t\t\t\t<section class=\"elementor-section elementor-top-section elementor-element elementor-element-174a725e elementor-section-height-min-height elementor-section-content-middle elementor-section-boxed elementor-section-height-default elementor-section-items-middle\" data-id=\"174a725e\" data-element_type=\"section\" data-settings=\"{&quot;background_background&quot;:&quot;classic&quot;}\">\n\t\t\t\t\t\t\t<div class=\"elementor-background-overlay\"><\/div>\n\t\t\t\t\t\t\t<div class=\"elementor-container elementor-column-gap-default\">\n\t\t\t\t\t<div class=\"elementor-column elementor-col-100 elementor-top-column elementor-element elementor-element-39335c86\" data-id=\"39335c86\" data-element_type=\"column\">\n\t\t\t<div class=\"elementor-widget-wrap elementor-element-populated\">\n\t\t\t\t\t\t\t\t<div class=\"elementor-element elementor-element-7f443aa1 elementor-widget elementor-widget-heading\" data-id=\"7f443aa1\" data-element_type=\"widget\" data-widget_type=\"heading.default\">\n\t\t\t\t<div class=\"elementor-widget-container\">\n\t\t\t<style>\/*! elementor - v3.5.0 - 12-12-2021 *\/\n.elementor-heading-title{padding:0;margin:0;line-height:1}.elementor-widget-heading .elementor-heading-title[class*=elementor-size-]>a{color:inherit;font-size:inherit;line-height:inherit}.elementor-widget-heading .elementor-heading-title.elementor-size-small{font-size:15px}.elementor-widget-heading .elementor-heading-title.elementor-size-medium{font-size:19px}.elementor-widget-heading .elementor-heading-title.elementor-size-large{font-size:29px}.elementor-widget-heading .elementor-heading-title.elementor-size-xl{font-size:39px}.elementor-widget-heading .elementor-heading-title.elementor-size-xxl{font-size:59px}<\/style><h5 class=\"elementor-heading-title elementor-size-default\">Radko Dental PROFESSIONAL<\/h5>\t\t<\/div>\n\t\t\t\t<\/div>\n\t\t\t\t<div class=\"elementor-element elementor-element-22d5215b elementor-widget elementor-widget-heading\" data-id=\"22d5215b\" data-element_type=\"widget\" data-widget_type=\"heading.default\">\n\t\t\t\t<div class=\"elementor-widget-container\">\n\t\t\t<h2 class=\"elementor-heading-title elementor-size-default\">Dla Dentyst\u00f3w <\/h2>\t\t<\/div>\n\t\t\t\t<\/div>\n\t\t\t\t<div class=\"elementor-element elementor-element-7e4a3795 elementor-widget elementor-widget-button\" data-id=\"7e4a3795\" data-element_type=\"widget\" data-widget_type=\"button.default\">\n\t\t\t\t<div class=\"elementor-widget-container\">\n\t\t\t\t\t<div class=\"elementor-button-wrapper\">\n\t\t\t<a href=\"#more\" class=\"elementor-button-link elementor-button elementor-size-sm elementor-animation-grow\" role=\"button\">\n\t\t\t\t\t\t<span class=\"elementor-button-content-wrapper\">\n\t\t\t\t\t\t<span class=\"elementor-button-text\">Dowiedz si\u0119 wi\u0119cej<\/span>\n\t\t<\/span>\n\t\t\t\t\t<\/a>\n\t\t<\/div>\n\t\t\t\t<\/div>\n\t\t\t\t<\/div>\n\t\t\t\t\t<\/div>\n\t\t<\/div>\n\t\t\t\t\t\t\t<\/div>\n\t\t<\/section>\n\t\t\t\t<section class=\"elementor-section elementor-top-section elementor-element elementor-element-5c958d2 elementor-section-boxed elementor-section-height-default elementor-section-height-default\" data-id=\"5c958d2\" data-element_type=\"section\">\n\t\t\t\t\t\t<div class=\"elementor-container elementor-column-gap-default\">\n\t\t\t\t\t<div class=\"elementor-column elementor-col-100 elementor-top-column elementor-element elementor-element-7802bb9\" data-id=\"7802bb9\" data-element_type=\"column\">\n\t\t\t<div class=\"elementor-widget-wrap elementor-element-populated\">\n\t\t\t\t\t\t\t\t<div class=\"elementor-element elementor-element-10ea4f9 animated-slow elementor-invisible elementor-widget elementor-widget-image\" data-id=\"10ea4f9\" data-element_type=\"widget\" data-settings=\"{&quot;_animation&quot;:&quot;fadeIn&quot;}\" data-widget_type=\"image.default\">\n\t\t\t\t<div class=\"elementor-widget-container\">\n\t\t\t<style>\/*! elementor - v3.5.0 - 12-12-2021 *\/\n.elementor-widget-image{text-align:center}.elementor-widget-image a{display:inline-block}.elementor-widget-image a img[src$=\".svg\"]{width:48px}.elementor-widget-image img{vertical-align:middle;display:inline-block}<\/style>\t\t\t\t\t\t\t\t\t\t\t\t<img width=\"800\" height=\"63\" src=\"https:\/\/radkodentalprofessional.com\/wp-content\/uploads\/2021\/12\/wszystkie-loga-radko-1-1024x80.png\" class=\"attachment-large size-large\" alt=\"\" loading=\"lazy\" srcset=\"https:\/\/radkodentalprofessional.com\/wp-content\/uploads\/2021\/12\/wszystkie-loga-radko-1-1024x80.png 1024w, https:\/\/radkodentalprofessional.com\/wp-content\/uploads\/2021\/12\/wszystkie-loga-radko-1-300x23.png 300w, https:\/\/radkodentalprofessional.com\/wp-content\/uploads\/2021\/12\/wszystkie-loga-radko-1-768x60.png 768w, https:\/\/radkodentalprofessional.com\/wp-content\/uploads\/2021\/12\/wszystkie-loga-radko-1-1536x120.png 1536w, https:\/\/radkodentalprofessional.com\/wp-content\/uploads\/2021\/12\/wszystkie-loga-radko-1.png 1920w\" sizes=\"(max-width: 800px) 100vw, 800px\" \/>\t\t\t\t\t\t\t\t\t\t\t\t\t\t\t<\/div>\n\t\t\t\t<\/div>\n\t\t\t\t\t<\/div>\n\t\t<\/div>\n\t\t\t\t\t\t\t<\/div>\n\t\t<\/section>\n\t\t\t\t<section class=\"elementor-section elementor-top-section elementor-element elementor-element-4a7ad3e6 elementor-section-height-min-height elementor-section-boxed elementor-section-height-default elementor-section-items-middle\" data-id=\"4a7ad3e6\" data-element_type=\"section\" id=\"more\" data-settings=\"{&quot;background_background&quot;:&quot;classic&quot;}\">\n\t\t\t\t\t\t<div class=\"elementor-container elementor-column-gap-default\">\n\t\t\t\t\t<div class=\"elementor-column elementor-col-100 elementor-top-column elementor-element elementor-element-e9a31a8\" data-id=\"e9a31a8\" data-element_type=\"column\">\n\t\t\t<div class=\"elementor-widget-wrap elementor-element-populated\">\n\t\t\t\t\t\t\t\t<section class=\"elementor-section elementor-inner-section elementor-element elementor-element-d80e2b8 elementor-reverse-mobile elementor-section-boxed elementor-section-height-default elementor-section-height-default\" data-id=\"d80e2b8\" data-element_type=\"section\" data-settings=\"{&quot;background_background&quot;:&quot;classic&quot;}\">\n\t\t\t\t\t\t<div class=\"elementor-container elementor-column-gap-default\">\n\t\t\t\t\t<div class=\"elementor-column elementor-col-100 elementor-inner-column elementor-element elementor-element-3c0d1a72\" data-id=\"3c0d1a72\" data-element_type=\"column\" data-settings=\"{&quot;background_background&quot;:&quot;classic&quot;}\">\n\t\t\t<div class=\"elementor-widget-wrap elementor-element-populated\">\n\t\t\t\t\t\t\t\t<div class=\"elementor-element elementor-element-295b5a89 elementor-widget elementor-widget-heading\" data-id=\"295b5a89\" data-element_type=\"widget\" data-widget_type=\"heading.default\">\n\t\t\t\t<div class=\"elementor-widget-container\">\n\t\t\t<h2 class=\"elementor-heading-title elementor-size-default\">Dla Dentyst\u00f3w<\/h2>\t\t<\/div>\n\t\t\t\t<\/div>\n\t\t\t\t<div class=\"elementor-element elementor-element-726b62c2 elementor-widget-divider--view-line elementor-widget elementor-widget-divider\" data-id=\"726b62c2\" data-element_type=\"widget\" data-widget_type=\"divider.default\">\n\t\t\t\t<div class=\"elementor-widget-container\">\n\t\t\t<style>\/*! elementor - v3.5.0 - 12-12-2021 *\/\n.elementor-widget-divider{--divider-border-style:none;--divider-border-width:1px;--divider-color:#2c2c2c;--divider-icon-size:20px;--divider-element-spacing:10px;--divider-pattern-height:24px;--divider-pattern-size:20px;--divider-pattern-url:none;--divider-pattern-repeat:repeat-x}.elementor-widget-divider .elementor-divider{display:-webkit-box;display:-ms-flexbox;display:flex}.elementor-widget-divider .elementor-divider__text{font-size:15px;line-height:1;max-width:95%}.elementor-widget-divider .elementor-divider__element{margin:0 var(--divider-element-spacing);-ms-flex-negative:0;flex-shrink:0}.elementor-widget-divider .elementor-icon{font-size:var(--divider-icon-size)}.elementor-widget-divider .elementor-divider-separator{display:-webkit-box;display:-ms-flexbox;display:flex;margin:0;direction:ltr}.elementor-widget-divider--view-line_icon .elementor-divider-separator,.elementor-widget-divider--view-line_text .elementor-divider-separator{-webkit-box-align:center;-ms-flex-align:center;align-items:center}.elementor-widget-divider--view-line_icon .elementor-divider-separator:after,.elementor-widget-divider--view-line_icon .elementor-divider-separator:before,.elementor-widget-divider--view-line_text .elementor-divider-separator:after,.elementor-widget-divider--view-line_text .elementor-divider-separator:before{display:block;content:\"\";border-bottom:0;-webkit-box-flex:1;-ms-flex-positive:1;flex-grow:1;border-top:var(--divider-border-width) var(--divider-border-style) var(--divider-color)}.elementor-widget-divider--element-align-left .elementor-divider .elementor-divider-separator>.elementor-divider__svg:first-of-type{-webkit-box-flex:0;-ms-flex-positive:0;flex-grow:0;-ms-flex-negative:100;flex-shrink:100}.elementor-widget-divider--element-align-left .elementor-divider-separator:before{content:none}.elementor-widget-divider--element-align-left .elementor-divider__element{margin-left:0}.elementor-widget-divider--element-align-right .elementor-divider .elementor-divider-separator>.elementor-divider__svg:last-of-type{-webkit-box-flex:0;-ms-flex-positive:0;flex-grow:0;-ms-flex-negative:100;flex-shrink:100}.elementor-widget-divider--element-align-right .elementor-divider-separator:after{content:none}.elementor-widget-divider--element-align-right .elementor-divider__element{margin-right:0}.elementor-widget-divider:not(.elementor-widget-divider--view-line_text):not(.elementor-widget-divider--view-line_icon) .elementor-divider-separator{border-top:var(--divider-border-width) var(--divider-border-style) var(--divider-color)}.elementor-widget-divider--separator-type-pattern{--divider-border-style:none}.elementor-widget-divider--separator-type-pattern.elementor-widget-divider--view-line .elementor-divider-separator,.elementor-widget-divider--separator-type-pattern:not(.elementor-widget-divider--view-line) .elementor-divider-separator:after,.elementor-widget-divider--separator-type-pattern:not(.elementor-widget-divider--view-line) .elementor-divider-separator:before,.elementor-widget-divider--separator-type-pattern:not([class*=elementor-widget-divider--view]) .elementor-divider-separator{width:100%;min-height:var(--divider-pattern-height);-webkit-mask-size:var(--divider-pattern-size) 100%;mask-size:var(--divider-pattern-size) 100%;-webkit-mask-repeat:var(--divider-pattern-repeat);mask-repeat:var(--divider-pattern-repeat);background-color:var(--divider-color);-webkit-mask-image:var(--divider-pattern-url);mask-image:var(--divider-pattern-url)}.elementor-widget-divider--no-spacing{--divider-pattern-size:auto}.elementor-widget-divider--bg-round{--divider-pattern-repeat:round}.rtl .elementor-widget-divider .elementor-divider__text{direction:rtl}<\/style>\t\t<div class=\"elementor-divider\">\n\t\t\t<span class=\"elementor-divider-separator\">\n\t\t\t\t\t\t<\/span>\n\t\t<\/div>\n\t\t\t\t<\/div>\n\t\t\t\t<\/div>\n\t\t\t\t<div class=\"elementor-element elementor-element-3cd1b39d elementor-widget elementor-widget-heading\" data-id=\"3cd1b39d\" data-element_type=\"widget\" data-widget_type=\"heading.default\">\n\t\t\t\t<div class=\"elementor-widget-container\">\n\t\t\t<h2 class=\"elementor-heading-title elementor-size-default\">Radko Dental Professional s\u0142ynie z niezawodno\u015bci i jako\u015bci produkt\u00f3w<\/h2>\t\t<\/div>\n\t\t\t\t<\/div>\n\t\t\t\t<div class=\"elementor-element elementor-element-28d04301 elementor-widget elementor-widget-text-editor\" data-id=\"28d04301\" data-element_type=\"widget\" data-widget_type=\"text-editor.default\">\n\t\t\t\t<div class=\"elementor-widget-container\">\n\t\t\t<style>\/*! elementor - v3.5.0 - 12-12-2021 *\/\n.elementor-widget-text-editor.elementor-drop-cap-view-stacked .elementor-drop-cap{background-color:#818a91;color:#fff}.elementor-widget-text-editor.elementor-drop-cap-view-framed .elementor-drop-cap{color:#818a91;border:3px solid;background-color:transparent}.elementor-widget-text-editor:not(.elementor-drop-cap-view-default) .elementor-drop-cap{margin-top:8px}.elementor-widget-text-editor:not(.elementor-drop-cap-view-default) .elementor-drop-cap-letter{width:1em;height:1em}.elementor-widget-text-editor .elementor-drop-cap{float:left;text-align:center;line-height:1;font-size:50px}.elementor-widget-text-editor .elementor-drop-cap-letter{display:inline-block}<\/style>\t\t\t\t<p><span style=\"font-weight: 400;\">Radko Dental Professional jest znane z solidno\u015bci i jako\u015bci produkt\u00f3w. Od czasu powstania w 2000 roku systematycznie podnosimy standardy naszych us\u0142ug dla dentyst\u00f3w w po\u0142udniowym Londynie i Home Counties. Oferujemy r\u00f3wnie\u017c rzeteln\u0105 darmow\u0105 og\u00f3lnokrajow\u0105 us\u0142ug\u0119 pocztow\u0105.<\/span><\/p><p><span style=\"font-weight: 400;\">Standardy pracy<\/span><\/p><p><span style=\"font-weight: 400;\">\u00a0\u00a0\u00a0\u00a0\u00a0\u00a0<\/span> <span style=\"font-weight: 400;\">Jako cz\u0142onkowie DAMAS I DLA jeste\u015bmy na li\u015bcie zatwierdzonych dostawc\u00f3w takich firm jak: Integrated Dental Holdings, Rodericks i Oasis. Materia\u0142y u\u017cywane w czasie procesu produkcji naszych produkt\u00f3w s\u0105 dostarczane jedynie przez firmy zatwierdzone przez MHRA UK (ang. Medicines and Healthcare products Regulatory Agency)<\/span><\/p><p><span style=\"font-weight: 400;\">Opieka\u00a0<\/span><\/p><p><span style=\"font-weight: 400;\">\u00a0\u00a0\u00a0\u00a0\u00a0\u00a0<\/span> <span style=\"font-weight: 400;\">Jako\u015b\u0107 naszej pracy m\u00f3wi sama za siebie. Zawsze staramy si\u0119, aby spe\u0142ni\u0107 oczekiwania Twoje oraz pacjenta. Ca\u0142y nasz zesp\u00f3\u0142: technicy, recepcjoni\u015bci i kierowcy, dok\u0142adaj\u0105 wszelkich stara\u0144, aby praca zosta\u0142a nale\u017cycie wykonana. Pacjenci korzystaj\u0105cy z us\u0142ug prywatnie oraz ci czyni\u0105cy to poprzez NHS (ang National Healtyh Service) s\u0105 traktowani z tak\u0105 sam\u0105 trosk\u0105. W naszej gestii jest to aby Twoi pacjenci dostali to czego chc\u0105 tak szybko jak to mo\u017cliwe.<\/span><\/p><p><span style=\"font-weight: 400;\">Trudny pacjent? Nie ma problemu!<\/span><\/p><p><span style=\"font-weight: 400;\">\u00a0\u00a0\u00a0\u00a0\u00a0\u00a0<\/span> <span style=\"font-weight: 400;\">Jako kliniczny technik dentystyczny jestem w stanie Ci pom\u00f3c. W moim laboratorium znajduje si\u0119 gabinet spe\u0142niaj\u0105cy wszystkie standardy GDC: posiadamy fotel dentystyczny, lamp\u0119 kliniczn\u0105, autoklaw oraz butl\u0119 tlenow\u0105. Dodatkowo, aby zapewni\u0107 Twoim pacjentom bezpiecze\u0144stwo, posiadamy defibrylator. Je\u015bli skierujesz swoich pacjent\u00f3w do mnie mo\u017cesz by\u0107 pewien, \u017ce b\u0119d\u0105 si\u0119 znajdowa\u0107 w bezpiecznym i czystym \u015brodowisku.<\/span><\/p><p><span style=\"font-weight: 400;\">Dlaczego mia\u0142by\u015b przys\u0142a\u0107 swojego pacjenta do mnie?<\/span><\/p><p><span style=\"font-weight: 400;\">\u00a0\u00a0\u00a0\u00a0\u00a0\u00a0<\/span> <span style=\"font-weight: 400;\">Jako dentysta, Tw\u00f3j zakres dzia\u0142ania jest zdecydowanie wi\u0119kszy ni\u017c m\u00f3j. Jednak nawet Ty mo\u017cesz czasami \u201euderzy\u0107 g\u0142ow\u0105 w mur\u201d. Je\u015bli wydaje Ci si\u0119, \u017ce Twoja praca nad konkretnym przypadkiem zmierza donik\u0105d, skieruj pacjenta do mnie.<\/span><\/p><p><span style=\"font-weight: 400;\">W przesz\u0142o\u015bci pracowa\u0142em z dentystami ze Szpitala Uniwersyteckiego w Croydon (dawny May Day Hospital). To da\u0142o mi szans\u0119 pracy nad pewnymi niezwykle trudnymi przypadkami klinicznymi. Do\u015bwiadczenie, jakie dzi\u0119ki temu zdoby\u0142em zostanie ze mn\u0105 na zawsze. Dlatego te\u017c wi\u0119kszo\u015b\u0107 przypadk\u00f3w, kt\u00f3re dla wielu dentyst\u00f3w mog\u0105 okaza\u0107 si\u0119 trudne, nie sprawia\u0142y mi takiej trudno\u015bci, gdy\u017c mia\u0142em przyjemno\u015b\u0107 pracowa\u0107 z najlepszymi specjalistami wyszkolonymi do pracy nad takimi przypadkami.<\/span><\/p><p><span style=\"font-weight: 400;\">Ta us\u0142uga jest dost\u0119pna jedynie dla pacjent\u00f3w prywatnych.<\/span><\/p>\t\t\t\t\t\t<\/div>\n\t\t\t\t<\/div>\n\t\t\t\t<div class=\"elementor-element elementor-element-da9973c elementor-widget elementor-widget-toggle\" data-id=\"da9973c\" data-element_type=\"widget\" data-widget_type=\"toggle.default\">\n\t\t\t\t<div class=\"elementor-widget-container\">\n\t\t\t<style>\/*! elementor - v3.5.0 - 12-12-2021 *\/\n.elementor-toggle{text-align:left}.elementor-toggle .elementor-tab-title{font-weight:700;line-height:1;margin:0;padding:15px;border-bottom:1px solid #d4d4d4;cursor:pointer;outline:none}.elementor-toggle .elementor-tab-title .elementor-toggle-icon{display:inline-block;width:1em}.elementor-toggle .elementor-tab-title .elementor-toggle-icon svg{-webkit-margin-start:-5px;margin-inline-start:-5px;width:1em;height:1em}.elementor-toggle .elementor-tab-title .elementor-toggle-icon.elementor-toggle-icon-right{float:right;text-align:right}.elementor-toggle .elementor-tab-title .elementor-toggle-icon.elementor-toggle-icon-left{float:left;text-align:left}.elementor-toggle .elementor-tab-title .elementor-toggle-icon .elementor-toggle-icon-closed{display:block}.elementor-toggle .elementor-tab-title .elementor-toggle-icon .elementor-toggle-icon-opened{display:none}.elementor-toggle .elementor-tab-title.elementor-active{border-bottom:none}.elementor-toggle .elementor-tab-title.elementor-active .elementor-toggle-icon-closed{display:none}.elementor-toggle .elementor-tab-title.elementor-active .elementor-toggle-icon-opened{display:block}.elementor-toggle .elementor-tab-content{padding:15px;border-bottom:1px solid #d4d4d4;display:none}@media (max-width:767px){.elementor-toggle .elementor-tab-title{padding:12px}.elementor-toggle .elementor-tab-content{padding:12px 10px}}<\/style>\t\t<div class=\"elementor-toggle\" role=\"tablist\">\n\t\t\t\t\t\t\t<div class=\"elementor-toggle-item\">\n\t\t\t\t\t<div id=\"elementor-tab-title-2291\" class=\"elementor-tab-title\" data-tab=\"1\" role=\"tab\" aria-controls=\"elementor-tab-content-2291\" aria-expanded=\"false\">\n\t\t\t\t\t\t\t\t\t\t\t\t<span class=\"elementor-toggle-icon elementor-toggle-icon-left\" aria-hidden=\"true\">\n\t\t\t\t\t\t\t\t\t\t\t\t\t\t\t<span class=\"elementor-toggle-icon-closed\"><i class=\"fas fa-caret-right\"><\/i><\/span>\n\t\t\t\t\t\t\t\t<span class=\"elementor-toggle-icon-opened\"><i class=\"elementor-toggle-icon-opened fas fa-caret-up\"><\/i><\/span>\n\t\t\t\t\t\t\t\t\t\t\t\t\t<\/span>\n\t\t\t\t\t\t\t\t\t\t\t\t<a href=\"\" class=\"elementor-toggle-title\">Poni\u017cej znajduje si\u0119 lista dost\u0119pnych produkt\u00f3w:<\/a>\n\t\t\t\t\t<\/div>\n\n\t\t\t\t\t<div id=\"elementor-tab-content-2291\" class=\"elementor-tab-content elementor-clearfix\" data-tab=\"1\" role=\"tabpanel\" aria-labelledby=\"elementor-tab-title-2291\"><p><span style=\"font-weight: 400;\">\u2013 protezy ca\u0142kowite<\/span><\/p><p><span style=\"font-weight: 400;\">\u2013 protezy cz\u0119\u015bciowe<\/span><\/p><p><span style=\"font-weight: 400;\">\u2013 protezy chromowo-kobaltowe<\/span><\/p><p><span style=\"font-weight: 400;\">\u2013 ochraniacze na z\u0119by (mi\u0119kkie, twarde, p\u00f3\u0142twarde)<\/span><\/p><p><span style=\"font-weight: 400;\">\u2013 szyny do podnoszenia zgryzu<\/span><\/p><p><span style=\"font-weight: 400;\">\u2013 nak\u0142adki wybielaj\u0105ce<\/span><\/p><p><span style=\"font-weight: 400;\">\u2013 szyny Michigan<\/span><\/p><p><span style=\"font-weight: 400;\">\u2013 aparaty ortodontyczne<\/span><\/p><p><span style=\"font-weight: 400;\">\u2013 sportowe ochraniacze na z\u0119by<\/span><\/p><p><span style=\"font-weight: 400;\">\u2013 urz\u0105dzenia przeciw chrapaniu<\/span><\/p><p><span style=\"font-weight: 400;\">\u2013 z\u0142ote z\u0119by (stopy szlachetne i nieszlachetne)<\/span><\/p><p><span style=\"font-weight: 400;\">naprawy<\/span><\/p><p><span style=\"font-weight: 400;\">\u2013 dodawanie z\u0119b\u00f3w i klamer<\/span><\/p><p><span style=\"font-weight: 400;\">\u2013 wk\u0142adki dentystyczne<\/span><\/p><p><span style=\"font-weight: 400;\">\u2013 protezy szkieletowe g\u00f3rne<\/span><\/p><p><span style=\"font-weight: 400;\">\u2013 identyfikatory<\/span><\/p><p><span style=\"font-weight: 400;\">\u2013 klamry w kolorze z\u0119b\u00f3w<\/span><\/p><p><br \/><br \/><\/p><\/div>\n\t\t\t\t<\/div>\n\t\t\t\t\t\t\t\t<\/div>\n\t\t\t\t<\/div>\n\t\t\t\t<\/div>\n\t\t\t\t\t<\/div>\n\t\t<\/div>\n\t\t\t\t\t\t\t<\/div>\n\t\t<\/section>\n\t\t\t\t\t<\/div>\n\t\t<\/div>\n\t\t\t\t\t\t\t<\/div>\n\t\t<\/section>\n\t\t\t\t<section class=\"elementor-section elementor-top-section elementor-element elementor-element-604a30e8 elementor-section-content-middle elementor-section-boxed elementor-section-height-default elementor-section-height-default\" data-id=\"604a30e8\" data-element_type=\"section\">\n\t\t\t\t\t\t<div class=\"elementor-container elementor-column-gap-no\">\n\t\t\t\t\t<div class=\"elementor-column elementor-col-100 elementor-top-column elementor-element elementor-element-b261402\" data-id=\"b261402\" data-element_type=\"column\">\n\t\t\t<div class=\"elementor-widget-wrap elementor-element-populated\">\n\t\t\t\t\t\t\t\t<div class=\"elementor-element elementor-element-7eaa5c05 elementor-skin-carousel elementor-pagination-type-bullets elementor-pagination-position-outside elementor-widget elementor-widget-media-carousel\" data-id=\"7eaa5c05\" data-element_type=\"widget\" data-settings=\"{&quot;space_between&quot;:{&quot;unit&quot;:&quot;px&quot;,&quot;size&quot;:29,&quot;sizes&quot;:[]},&quot;slides_per_view&quot;:&quot;3&quot;,&quot;skin&quot;:&quot;carousel&quot;,&quot;effect&quot;:&quot;slide&quot;,&quot;pagination&quot;:&quot;bullets&quot;,&quot;speed&quot;:500,&quot;autoplay&quot;:&quot;yes&quot;,&quot;autoplay_speed&quot;:5000,&quot;loop&quot;:&quot;yes&quot;,&quot;pause_on_hover&quot;:&quot;yes&quot;,&quot;pause_on_interaction&quot;:&quot;yes&quot;,&quot;space_between_tablet&quot;:{&quot;unit&quot;:&quot;px&quot;,&quot;size&quot;:10,&quot;sizes&quot;:[]},&quot;space_between_mobile&quot;:{&quot;unit&quot;:&quot;px&quot;,&quot;size&quot;:10,&quot;sizes&quot;:[]}}\" data-widget_type=\"media-carousel.default\">\n\t\t\t\t<div class=\"elementor-widget-container\">\n\t\t\t<link rel=\"stylesheet\" href=\"https:\/\/radkodentalprofessional.com\/wp-content\/plugins\/elementor-pro\/assets\/css\/widget-carousel.min.css\">\t\t<div class=\"elementor-swiper\">\n\t\t\t<div class=\"elementor-main-swiper swiper-container\">\n\t\t\t\t<div class=\"swiper-wrapper\">\n\t\t\t\t\t\t\t\t\t\t\t<div class=\"swiper-slide\">\n\t\t\t\t\t\t\t\t\t<div class=\"elementor-carousel-image\" style=\"background-image: url(https:\/\/radkodentalprofessional.com\/wp-content\/uploads\/2015\/11\/IMGP3594.jpg)\">\n\t\t\t\t\t<\/div>\n\t\t\t\t\t<div class=\"elementor-carousel-image-overlay e-overlay-animation-fade\">\n\t\t\t\t<i class=\"fas fa-search-plus\"><\/i>\t\t\t<\/div>\n\t\t\t\t\t\t\t\t\t<\/div>\n\t\t\t\t\t\t\t\t\t\t\t<div class=\"swiper-slide\">\n\t\t\t\t\t\t\t\t\t<div class=\"elementor-carousel-image\" style=\"background-image: url(https:\/\/radkodentalprofessional.com\/wp-content\/uploads\/2015\/12\/homepage11.jpg)\">\n\t\t\t\t\t<\/div>\n\t\t\t\t\t<div class=\"elementor-carousel-image-overlay e-overlay-animation-fade\">\n\t\t\t\t<i class=\"fas fa-search-plus\"><\/i>\t\t\t<\/div>\n\t\t\t\t\t\t\t\t\t<\/div>\n\t\t\t\t\t\t\t\t\t\t\t<div class=\"swiper-slide\">\n\t\t\t\t\t\t\t\t\t<div class=\"elementor-carousel-image\" style=\"background-image: url(https:\/\/radkodentalprofessional.com\/wp-content\/uploads\/2015\/11\/2213a1ecddcd9b08b6fbff0272f391f12fb9e21715266571.jpg)\">\n\t\t\t\t\t<\/div>\n\t\t\t\t\t<div class=\"elementor-carousel-image-overlay e-overlay-animation-fade\">\n\t\t\t\t<i class=\"fas fa-search-plus\"><\/i>\t\t\t<\/div>\n\t\t\t\t\t\t\t\t\t<\/div>\n\t\t\t\t\t\t\t\t\t<\/div>\n\t\t\t\t\t\t\t\t\t\t\t\t\t\t\t<div class=\"swiper-pagination\"><\/div>\n\t\t\t\t\t\t\t\t\t\t\t\t\t\t\t\t\t<\/div>\n\t\t<\/div>\n\t\t\t\t<\/div>\n\t\t\t\t<\/div>\n\t\t\t\t\t<\/div>\n\t\t<\/div>\n\t\t\t\t\t\t\t<\/div>\n\t\t<\/section>\n\t\t\t\t\t\t<\/div>\n\t\t\t\t\t<\/div>","protected":false},"excerpt":{"rendered":"<p>Radko Dental PROFESSIONAL FOR DENTISTS Read More FOR DENTISTS Radko Dental Professional is well known for its reliability and quality of products We were established in 2000, and since than we have constantly raised our standard of services to dentists in South London and the Home Counties. We offer a reliable nation-wide free postal service [&hellip;]<\/p>","protected":false},"author":1,"featured_media":0,"parent":0,"menu_order":0,"comment_status":"closed","ping_status":"closed","template":"elementor_header_footer","meta":[],"_links":{"self":[{"href":"https:\/\/radkodentalprofessional.com\/pl\/wp-json\/wp\/v2\/pages\/324"}],"collection":[{"href":"https:\/\/radkodentalprofessional.com\/pl\/wp-json\/wp\/v2\/pages"}],"about":[{"href":"https:\/\/radkodentalprofessional.com\/pl\/wp-json\/wp\/v2\/types\/page"}],"author":[{"embeddable":true,"href":"https:\/\/radkodentalprofessional.com\/pl\/wp-json\/wp\/v2\/users\/1"}],"replies":[{"embeddable":true,"href":"https:\/\/radkodentalprofessional.com\/pl\/wp-json\/wp\/v2\/comments?post=324"}],"version-history":[{"count":65,"href":"https:\/\/radkodentalprofessional.com\/pl\/wp-json\/wp\/v2\/pages\/324\/revisions"}],"predecessor-version":[{"id":1497,"href":"https:\/\/radkodentalprofessional.com\/pl\/wp-json\/wp\/v2\/pages\/324\/revisions\/1497"}],"wp:attachment":[{"href":"https:\/\/radkodentalprofessional.com\/pl\/wp-json\/wp\/v2\/media?parent=324"}],"curies":[{"name":"wp","href":"https:\/\/api.w.org\/{rel}","templated":true}]}}